{"id":228,"date":"2025-01-26T08:32:21","date_gmt":"2025-01-26T07:32:21","guid":{"rendered":"https:\/\/asso-ccl.ch\/?page_id=228"},"modified":"2025-01-26T08:59:53","modified_gmt":"2025-01-26T07:59:53","slug":"lieux","status":"publish","type":"page","link":"https:\/\/asso-ccl.ch\/?page_id=228","title":{"rendered":"Lieux"},"content":{"rendered":"\t\t<div data-elementor-type=\"wp-page\" data-elementor-id=\"228\" class=\"elementor elementor-228\">\n\t\t\t\t\t\t<section class=\"elementor-section elementor-top-section elementor-element elementor-element-29c7499 elementor-section-boxed elementor-section-height-default elementor-section-height-default wpr-particle-no wpr-jarallax-no wpr-parallax-no wpr-sticky-section-no\" data-id=\"29c7499\" data-element_type=\"section\">\n\t\t\t\t\t\t<div class=\"elementor-container elementor-column-gap-no\">\n\t\t\t\t\t<div class=\"elementor-column elementor-col-100 elementor-top-column elementor-element elementor-element-e55c491\" data-id=\"e55c491\" data-element_type=\"column\">\n\t\t\t<div class=\"elementor-widget-wrap elementor-element-populated\">\n\t\t\t\t\t\t<div class=\"elementor-element elementor-element-0745f3b elementor-invisible elementor-widget elementor-widget-heading\" data-id=\"0745f3b\" data-element_type=\"widget\" data-settings=\"{&quot;_animation&quot;:&quot;fadeInUp&quot;}\" data-widget_type=\"heading.default\">\n\t\t\t\t<div class=\"elementor-widget-container\">\n\t\t\t\t\t<h2 class=\"elementor-heading-title elementor-size-default\">Lieux<\/h2>\t\t\t\t<\/div>\n\t\t\t\t<\/div>\n\t\t\t\t<div class=\"elementor-element elementor-element-8c5fd63 wpr-list-style-none elementor-widget elementor-widget-wpr-posts-timeline\" data-id=\"8c5fd63\" data-element_type=\"widget\" data-settings=\"{&quot;animation_offset&quot;:150,&quot;aos_animation_duration&quot;:600}\" data-widget_type=\"wpr-posts-timeline.default\">\n\t\t\t\t<div class=\"elementor-widget-container\">\n\t\t\t\t\t\n\t\t<div class=\"wpr-wrapper wpr-vertical wpr-centered\">\n\t\t\t<div class=\"wpr-timeline-centered wpr-line wpr-both-sided-timeline\"><div class=\"wpr-middle-line\"><\/div><div class=\"wpr-timeline-fill\" data-layout=\"centered\"><\/div><span class=\"wpr-year-wrap\"><span class=\"wpr-year-label wpr-year\">Gen\u00e8ve<\/span><\/span><article class=\"wpr-timeline-entry wpr-left-aligned elementor-repeater-item-c912292\" data-item-id=\"elementor-repeater-item-c912292\"><time class=\"wpr-extra-label\" data-aos=\"fade\" data-aos-left=\"\" data-aos-right=\"\" data-animation-offset=\"150\" data-animation-duration=\"600\"><span class=\"wpr-label\">Temple des Eaux-Vives, Gen\u00e8ve<\/span><\/time><div class=\"wpr-timeline-entry-inner\"><div class=\"wpr-main-line-icon wpr-icon\"><i aria-hidden=\"true\" class=\"far fa-flag\"><\/i><\/div><div class=\"wpr-story-info-vertical wpr-data-wrap \"  data-aos=\"fade\" data-aos-left=\"\" data-aos-right=\"\" data-animation-offset=\"150\" data-animation-duration=\"600\"><div class=\"wpr-animation-wrap wpr-timeline-media\"><img fetchpriority=\"high\" decoding=\"async\" width=\"550\" height=\"370\" src=\"https:\/\/asso-ccl.ch\/wp-content\/uploads\/2025\/01\/Eauxvive-1.png\" class=\"attachment-full size-full\" alt=\"\" srcset=\"https:\/\/asso-ccl.ch\/wp-content\/uploads\/2025\/01\/Eauxvive-1.png 550w, https:\/\/asso-ccl.ch\/wp-content\/uploads\/2025\/01\/Eauxvive-1-300x202.png 300w\" sizes=\"(max-width: 550px) 100vw, 550px\" \/><\/div><div class=\"wpr-timeline-content-wrapper\"><div class=\"wpr-content-wrapper\"><div class=\"wpr-title-wrap\"><span class=\"wpr-title\">Temple des Eaux-Vives<\/span><\/div><div class=\"wpr-description\"><p>\u2022 Le Temple des Eaux-Vives, situ\u00e9 au c\u0153ur de Gen\u00e8ve, incarne un<br \/>lieu historique et culturel embl\u00e9matique dans la r\u00e9gion. Construit<br \/>au cours du 19\u00e8me si\u00e8cle dans un style architectural n\u00e9o-gothique,<br \/>il offre un cadre id\u00e9al et une acoustique parfaite pour des concerts<br \/>en petite formation.<br \/>\u2022 Au-del\u00e0 de sa fonction religieuse, le temple ouvre \u00e9galement ses<br \/>portes \u00e0 diff\u00e9rents \u00e9v\u00e8nements, conf\u00e9rences ou expositions<br \/>culturelles, contribuant ainsi \u00e0 enrichir la vie sociale de la ville.<br \/>Son architecture et ses boiseries font du Temple des Eaux-Vives<br \/>un lieu de choix pour la vie artistique genevoise.<\/p><\/div><\/div><\/div><\/div>\n\t\t\t\t\t\t<\/div>\n\t\t\t\t<\/article><span class=\"wpr-year-wrap\"><span class=\"wpr-year-label wpr-year\">Vaud<\/span><\/span><article class=\"wpr-timeline-entry wpr-right-aligned elementor-repeater-item-baa7f06\" data-item-id=\"elementor-repeater-item-baa7f06\"><time class=\"wpr-extra-label\" data-aos=\"fade\" data-aos-left=\"\" data-aos-right=\"\" data-animation-offset=\"150\" data-animation-duration=\"600\"><span class=\"wpr-label\">Abbaye de Montheron<\/span><\/time><div class=\"wpr-timeline-entry-inner\"><div class=\"wpr-main-line-icon wpr-icon\"><i aria-hidden=\"true\" class=\"far fa-paper-plane\"><\/i><\/div><div class=\"wpr-story-info-vertical wpr-data-wrap \"  data-aos=\"fade\" data-aos-left=\"\" data-aos-right=\"\" data-animation-offset=\"150\" data-animation-duration=\"600\"><div class=\"wpr-animation-wrap wpr-timeline-media\"><img decoding=\"async\" width=\"550\" height=\"370\" src=\"https:\/\/asso-ccl.ch\/wp-content\/uploads\/2025\/01\/montheron-1.jpg\" class=\"attachment-full size-full\" alt=\"\" srcset=\"https:\/\/asso-ccl.ch\/wp-content\/uploads\/2025\/01\/montheron-1.jpg 550w, https:\/\/asso-ccl.ch\/wp-content\/uploads\/2025\/01\/montheron-1-300x202.jpg 300w\" sizes=\"(max-width: 550px) 100vw, 550px\" \/><\/div><div class=\"wpr-timeline-content-wrapper\"><div class=\"wpr-content-wrapper\"><div class=\"wpr-title-wrap\"><span class=\"wpr-title\">Abbaye de Montheron<\/span><\/div><div class=\"wpr-description\"><p>\u2022 L\u2019Abbaye de Montheron, situ\u00e9e dans le canton de Vaud, est un site historique fond\u00e9 au 12\u00e8me si\u00e8cle par des moines cisterciens. Entour\u00e9e de nature, elle a travers\u00e9 les si\u00e8cles en conservant une partie de son architecture d\u2019origine. L\u2019abbaye est aujourd\u2019hui un lieu calme qui attire ceux qui s\u2019int\u00e9ressent \u00e0 l\u2019histoire ou qui veulent simplement profiter d\u2019une promenade paisible.<\/p><p>\u2022 L\u2019Abbaye de Montheron est \u00e9galement un lieu de culture. Des concerts y sont r\u00e9guli\u00e8rement organis\u00e9s, permettant aux visiteurs de d\u00e9couvrir la musique dans un cadre unique. Ces \u00e9v\u00e8nements contribuent \u00e0 faire vivre l\u2019abbaye tout au long de l\u2019ann\u00e9e.<\/p><\/div><\/div><\/div><\/div>\n\t\t\t\t\t\t<\/div>\n\t\t\t\t<\/article><article class=\"wpr-timeline-entry wpr-left-aligned elementor-repeater-item-62b297f\" data-item-id=\"elementor-repeater-item-62b297f\"><time class=\"wpr-extra-label\" data-aos=\"fade\" data-aos-left=\"\" data-aos-right=\"\" data-animation-offset=\"150\" data-animation-duration=\"600\"><span class=\"wpr-label\">Th\u00e9\u00e2tre Pr\u00e9-aux-Moines, Cossonay<\/span><\/time><div class=\"wpr-timeline-entry-inner\"><div class=\"wpr-main-line-icon wpr-icon\"><i aria-hidden=\"true\" class=\"far fa-lightbulb\"><\/i><\/div><div class=\"wpr-story-info-vertical wpr-data-wrap \"  data-aos=\"fade\" data-aos-left=\"\" data-aos-right=\"\" data-animation-offset=\"150\" data-animation-duration=\"600\"><div class=\"wpr-animation-wrap wpr-timeline-media\"><img decoding=\"async\" width=\"550\" height=\"370\" src=\"https:\/\/asso-ccl.ch\/wp-content\/uploads\/2025\/01\/cossonay-1.png\" class=\"attachment-full size-full\" alt=\"\" srcset=\"https:\/\/asso-ccl.ch\/wp-content\/uploads\/2025\/01\/cossonay-1.png 550w, https:\/\/asso-ccl.ch\/wp-content\/uploads\/2025\/01\/cossonay-1-300x202.png 300w\" sizes=\"(max-width: 550px) 100vw, 550px\" \/><\/div><div class=\"wpr-timeline-content-wrapper\"><div class=\"wpr-content-wrapper\"><div class=\"wpr-title-wrap\"><span class=\"wpr-title\">Th\u00e9\u00e2tre Pr\u00e9-aux-Moines, Cossonay<\/span><\/div><div class=\"wpr-description\"><p>\u2022 Fond\u00e9 en 1988, le Th\u00e9\u00e2tre Pr\u00e9-aux-Moines de Cossonay, situ\u00e9 dans le canton de Vaud en Suisse, est un des lieux embl\u00e9matiques de la sc\u00e8ne culturelle locale. Ce th\u00e9\u00e2tre \u00e0 taille humaine offre une programmation riche et vari\u00e9e, allant des pi\u00e8ces classiques aux cr\u00e9ations contemporaines, en passant par des spectacles de danse et de musique.<\/p><p>\u2022 Nich\u00e9 entre vignobles et montagnes, le Th\u00e9\u00e2tre Pr\u00e9-aux-Moines attire un public diversifi\u00e9, avide de d\u00e9couvertes artistiques et de moments de partage. Avec son ambiance chaleureuse et son engagement envers la promotion de la culture, cet \u00e9tablissement joue un r\u00f4le essentiel dans la dynamique culturelle de la r\u00e9gion.<\/p><\/div><\/div><\/div><\/div>\n\t\t\t\t\t\t<\/div>\n\t\t\t\t<\/article><article class=\"wpr-timeline-entry wpr-right-aligned elementor-repeater-item-77f175e\" data-item-id=\"elementor-repeater-item-77f175e\"><time class=\"wpr-extra-label\" data-aos=\"fade\" data-aos-left=\"\" data-aos-right=\"\" data-animation-offset=\"150\" data-animation-duration=\"600\"><span class=\"wpr-label\">La Grange de Nane<\/span><\/time><div class=\"wpr-timeline-entry-inner\"><div class=\"wpr-main-line-icon wpr-icon\"><i aria-hidden=\"true\" class=\"fas fa-bolt\"><\/i><\/div><div class=\"wpr-story-info-vertical wpr-data-wrap \"  data-aos=\"fade\" data-aos-left=\"\" data-aos-right=\"\" data-animation-offset=\"150\" data-animation-duration=\"600\"><div class=\"wpr-animation-wrap wpr-timeline-media\"><img loading=\"lazy\" decoding=\"async\" width=\"550\" height=\"370\" src=\"https:\/\/asso-ccl.ch\/wp-content\/uploads\/2025\/01\/nane-1.png\" class=\"attachment-full size-full\" alt=\"\" srcset=\"https:\/\/asso-ccl.ch\/wp-content\/uploads\/2025\/01\/nane-1.png 550w, https:\/\/asso-ccl.ch\/wp-content\/uploads\/2025\/01\/nane-1-300x202.png 300w\" sizes=\"(max-width: 550px) 100vw, 550px\" \/><\/div><div class=\"wpr-timeline-content-wrapper\"><div class=\"wpr-content-wrapper\"><div class=\"wpr-title-wrap\"><span class=\"wpr-title\">La Grange de Nane<\/span><\/div><div class=\"wpr-description\"><p>\u2022 C\u2019est dans le petit village de La Chaux, lov\u00e9 au creux d\u2019un vallon, au bord du Veyron, qu\u2019est n\u00e9 le projet de l\u2019Espace Culturel \u00ab La Grange de Nane \u00bb. Le village de La Chaux est situ\u00e9 \u00e0 3 km de Cossonay en direction de la Vall\u00e9e de Joux.<\/p><p>\u2022 Pour permettre \u00e0 toutes celles et ceux qui vivent en-dehors des grands centres urbains de profiter d\u2019une offre culturelle vari\u00e9e et afin d\u2019encourager les activit\u00e9s de proximit\u00e9, il est important d\u2019ouvrir des lieux tels que l\u2019Espace Culturel La Grange de Nane. La Chaux est un village tr\u00e8s actif sur le plan culturel, qui a d\u00e9j\u00e0 concr\u00e9tis\u00e9 de nombreux projets tels le Festival de Cin\u00e9ma open air, les 50 ans de Woodstock, ainsi que du th\u00e9\u00e2tre et des concerts.<\/p><p>\u2022 Depuis 2019, La Grange de Nane a contribu\u00e9 \u00e0 cette vie culturelle en accueillant dans ses murs plusieurs concerts : \u00ab Les jeunes f\u00eatent la Musique \u00bb (avec 60 jeunes de 9 \u00e0 19 ans), le quintette \u00ab Tango Sensations \u00bb avec St\u00e9phane Chapuis, la cr\u00e9ation de \u00ab La Nuit du Piano \u00bb (avec 8 pianistes classiques et jazz), le groupe de jazz ethno \u00ab The Band Beyond Borders \u00bb. Mais ce projet a aussi d\u2019autres objectifs\u2026<\/p><p>Les artistes et les jeunes musiciens peinent souvent \u00e0 trouver des lieux et des sc\u00e8nes qui les accueillent. En leur ouvrant ses portes, La Grange de Nane souhaite valoriser leurs \u0153uvres, leur talent et soutenir le lancement de leur carri\u00e8re.<\/p><\/div><\/div><\/div><\/div>\n\t\t\t\t\t\t<\/div>\n\t\t\t\t<\/article><\/div>    \n\t\t\t<\/div>\t\t\t\t<\/div>\n\t\t\t\t<\/div>\n\t\t\t\t\t<\/div>\n\t\t<\/div>\n\t\t\t\t\t<\/div>\n\t\t<\/section>\n\t\t\t\t<\/div>\n\t\t","protected":false},"excerpt":{"rendered":"<p>Lieux Gen\u00e8ve Temple des Eaux-Vives, Gen\u00e8ve Temple des Eaux-Vives \u2022 Le Temple des Eaux-Vives, situ\u00e9 au c\u0153ur de Gen\u00e8ve, incarne unlieu historique et culturel embl\u00e9matique dans la r\u00e9gion. Construitau cours du 19\u00e8me si\u00e8cle dans un style architectural n\u00e9o-gothique,il offre un cadre id\u00e9al et une acoustique parfaite pour des concertsen petite formation.\u2022 Au-del\u00e0 de sa fonction religieuse, le temple ouvre \u00e9galement sesportes \u00e0 diff\u00e9rents \u00e9v\u00e8nements, conf\u00e9rences ou expositionsculturelles, contribuant ainsi \u00e0 enrichir la vie sociale de la ville.Son architecture et ses boiseries font du Temple des Eaux-Vivesun lieu de choix pour la vie artistique genevoise. Vaud Abbaye de Montheron Abbaye de Montheron \u2022 L\u2019Abbaye de Montheron, situ\u00e9e dans le canton de Vaud, est un site historique fond\u00e9 au 12\u00e8me si\u00e8cle par des moines cisterciens. Entour\u00e9e de nature, elle a travers\u00e9 les si\u00e8cles en conservant une partie de son architecture d\u2019origine. L\u2019abbaye est aujourd\u2019hui un lieu calme qui attire ceux qui s\u2019int\u00e9ressent \u00e0 l\u2019histoire ou qui veulent simplement profiter d\u2019une promenade paisible. \u2022 L\u2019Abbaye de Montheron est \u00e9galement un lieu de culture. Des concerts y sont r\u00e9guli\u00e8rement organis\u00e9s, permettant aux visiteurs de d\u00e9couvrir la musique dans un cadre unique. Ces \u00e9v\u00e8nements contribuent \u00e0 faire vivre l\u2019abbaye tout au long de l\u2019ann\u00e9e. Th\u00e9\u00e2tre Pr\u00e9-aux-Moines, Cossonay Th\u00e9\u00e2tre Pr\u00e9-aux-Moines, Cossonay \u2022 Fond\u00e9 en 1988, le Th\u00e9\u00e2tre Pr\u00e9-aux-Moines de Cossonay, situ\u00e9 dans le canton de Vaud en Suisse, est un des lieux embl\u00e9matiques de la sc\u00e8ne culturelle locale. Ce th\u00e9\u00e2tre \u00e0 taille humaine offre une programmation riche et vari\u00e9e, allant des pi\u00e8ces classiques aux cr\u00e9ations contemporaines, en passant par des spectacles de danse et de musique. \u2022 Nich\u00e9 entre vignobles et montagnes, le Th\u00e9\u00e2tre Pr\u00e9-aux-Moines attire un public diversifi\u00e9, avide de d\u00e9couvertes artistiques et de moments de partage. Avec son ambiance chaleureuse et son engagement envers la promotion de la culture, cet \u00e9tablissement joue un r\u00f4le essentiel dans la dynamique culturelle de la r\u00e9gion. La Grange de Nane La Grange de Nane \u2022 C\u2019est dans le petit village de La Chaux, lov\u00e9 au creux d\u2019un vallon, au bord du Veyron, qu\u2019est n\u00e9 le projet de l\u2019Espace Culturel \u00ab La Grange de Nane \u00bb. Le village de La Chaux est situ\u00e9 \u00e0 3 km de Cossonay en direction de la Vall\u00e9e de Joux. \u2022 Pour permettre \u00e0 toutes celles et ceux qui vivent en-dehors des grands centres urbains de profiter d\u2019une offre culturelle vari\u00e9e et afin d\u2019encourager les activit\u00e9s de proximit\u00e9, il est important d\u2019ouvrir des lieux tels que l\u2019Espace Culturel La Grange de Nane. La Chaux est un village tr\u00e8s actif sur le plan culturel, qui a d\u00e9j\u00e0 concr\u00e9tis\u00e9 de nombreux projets tels le Festival de Cin\u00e9ma open air, les 50 ans de Woodstock, ainsi que du th\u00e9\u00e2tre et des concerts. \u2022 Depuis 2019, La Grange de Nane a contribu\u00e9 \u00e0 cette vie culturelle en accueillant dans ses murs plusieurs concerts : \u00ab Les jeunes f\u00eatent la Musique \u00bb (avec 60 jeunes de 9 \u00e0 19 ans), le quintette \u00ab Tango Sensations \u00bb avec St\u00e9phane Chapuis, la cr\u00e9ation de \u00ab La Nuit du Piano \u00bb (avec 8 pianistes classiques et jazz), le groupe de jazz ethno \u00ab The Band Beyond Borders \u00bb. Mais ce projet a aussi d\u2019autres objectifs\u2026 Les artistes et les jeunes musiciens peinent souvent \u00e0 trouver des lieux et des sc\u00e8nes qui les accueillent. En leur ouvrant ses portes, La Grange de Nane souhaite valoriser leurs \u0153uvres, leur talent et soutenir le lancement de leur carri\u00e8re.<\/p>\n","protected":false},"author":1,"featured_media":0,"parent":0,"menu_order":0,"comment_status":"closed","ping_status":"closed","template":"","meta":{"footnotes":""},"class_list":["post-228","page","type-page","status-publish","hentry"],"_links":{"self":[{"href":"https:\/\/asso-ccl.ch\/index.php?rest_route=\/wp\/v2\/pages\/228","targetHints":{"allow":["GET"]}}],"collection":[{"href":"https:\/\/asso-ccl.ch\/index.php?rest_route=\/wp\/v2\/pages"}],"about":[{"href":"https:\/\/asso-ccl.ch\/index.php?rest_route=\/wp\/v2\/types\/page"}],"author":[{"embeddable":true,"href":"https:\/\/asso-ccl.ch\/index.php?rest_route=\/wp\/v2\/users\/1"}],"replies":[{"embeddable":true,"href":"https:\/\/asso-ccl.ch\/index.php?rest_route=%2Fwp%2Fv2%2Fcomments&post=228"}],"version-history":[{"count":10,"href":"https:\/\/asso-ccl.ch\/index.php?rest_route=\/wp\/v2\/pages\/228\/revisions"}],"predecessor-version":[{"id":250,"href":"https:\/\/asso-ccl.ch\/index.php?rest_route=\/wp\/v2\/pages\/228\/revisions\/250"}],"wp:attachment":[{"href":"https:\/\/asso-ccl.ch\/index.php?rest_route=%2Fwp%2Fv2%2Fmedia&parent=228"}],"curies":[{"name":"wp","href":"https:\/\/api.w.org\/{rel}","templated":true}]}}